{"id":425,"date":"2024-01-17T23:04:07","date_gmt":"2024-01-17T22:04:07","guid":{"rendered":"https:\/\/linguaviva.co\/fr\/?page_id=425"},"modified":"2024-11-19T20:23:46","modified_gmt":"2024-11-20T01:23:46","slug":"politique-de-confidentialite","status":"publish","type":"page","link":"https:\/\/www.linguaviva.co\/fr\/politique-de-confidentialite\/","title":{"rendered":"Politique de confidentialit\u00e9"},"content":{"rendered":"\t\t<div data-elementor-type=\"wp-page\" data-elementor-id=\"425\" class=\"elementor elementor-425\" data-elementor-post-type=\"page\">\n\t\t\t\t<div class=\"elementor-element elementor-element-8e5eda0 e-flex e-con-boxed e-con e-parent\" data-id=\"8e5eda0\" data-element_type=\"container\" data-settings=\"{&quot;background_background&quot;:&quot;classic&quot;,&quot;jet_parallax_layout_list&quot;:[]}\">\n\t\t\t\t\t<div class=\"e-con-inner\">\n\t\t\t\t<div class=\"elementor-element elementor-element-d16eba9 elementor-widget elementor-widget-heading\" data-id=\"d16eba9\" data-element_type=\"widget\" data-widget_type=\"heading.default\">\n\t\t\t\t<div class=\"elementor-widget-container\">\n\t\t\t<h1 class=\"elementor-heading-title elementor-size-default\">POLITIQUE DE CONFIDENTIALIT\u00c9 <\/h1>\t\t<\/div>\n\t\t\t\t<\/div>\n\t\t\t\t\t<\/div>\n\t\t\t\t<\/div>\n\t\t<div class=\"elementor-element elementor-element-33ef814c e-flex e-con-boxed e-con e-parent\" data-id=\"33ef814c\" data-element_type=\"container\" data-settings=\"{&quot;jet_parallax_layout_list&quot;:[]}\">\n\t\t\t\t\t<div class=\"e-con-inner\">\n\t\t<div class=\"elementor-element elementor-element-a0c26c4 e-flex e-con-boxed e-con e-child\" data-id=\"a0c26c4\" data-element_type=\"container\" data-settings=\"{&quot;background_background&quot;:&quot;classic&quot;,&quot;jet_parallax_layout_list&quot;:[]}\">\n\t\t\t\t\t<div class=\"e-con-inner\">\n\t\t\t\t<div class=\"elementor-element elementor-element-2bee5dda elementor-widget elementor-widget-text-editor\" data-id=\"2bee5dda\" data-element_type=\"widget\" data-widget_type=\"text-editor.default\">\n\t\t\t\t<div class=\"elementor-widget-container\">\n\t\t\t\t\t\t\t<!-- wp:paragraph -->\n<p>La pr\u00e9sente politique de confidentialit\u00e9 d\u00e9finit les conditions dans lesquelles LINGUA VIVA S.A.S. utilise et prot\u00e8ge les informations que les utilisateurs lui fournissent lorsqu\u2019ils consultent et utilisent ce site web. LINGUA VIVA S.A.S. s&#8217;engage \u00e0 assurer la s\u00e9curit\u00e9 des donn\u00e9es de ses utilisateurs. Lorsque nous vous demandons de fournir des donn\u00e9es personnelles permettant de vous identifier, nous le faisons en vous assurant qu&#8217;elles ne seront utilis\u00e9es que conform\u00e9ment aux termes du pr\u00e9sent document. Cependant, cette politique de confidentialit\u00e9 peut \u00eatre modifi\u00e9e \u00e0 tout moment ou \u00eatre mise \u00e0 jour, raison pour laquelle nous vous encourageons vivement \u00e0 consulter r\u00e9guli\u00e8rement cette page afin de vous assurer que vous \u00eates d\u2019accord avec les possibles changements qu\u2019elle pourrait conna\u00eetre.<\/p>\n<p>\u00a0<\/p>\n<p><strong>Informations collect\u00e9es<\/strong><\/p>\n<p>Notre site web pourra collecter des donn\u00e9es personnelles, par exemple : nom, informations de contact telles que votre adresse \u00e9lectronique et des informations d\u00e9mographiques. En outre, en cas de besoin, des informations sp\u00e9cifiques pourront \u00eatre requises pour traiter une commande, effectuer une livraison ou une facturation.<\/p>\n<p>\u00a0<\/p>\n<p><strong>Utilisation des informations collect\u00e9es<\/strong><\/p>\n<p>Notre site web utilise les informations collect\u00e9es afin de fournir le meilleur service possible, en particulier permettre une tra\u00e7abilit\u00e9 des utilisateurs, des commandes le cas \u00e9ch\u00e9ant, et am\u00e9liorer nos produits et services. Nous sommes susceptibles d\u2019envoyer p\u00e9riodiquement des e-mails par l&#8217;interm\u00e9diaire de notre site afin de proposer des offres sp\u00e9ciales, des nouveaux produits et d&#8217;autres informations marketing que nous pensons \u00eatre pertinentes pour vous ou pouvant vous \u00eatre utiles. Ces e-mails seront envoy\u00e9s \u00e0 l&#8217;adresse que vous avez fournie et vous pourrez vous d\u00e9sabonner \u00e0 tout moment.<\/p>\n<p>LINGUA VIVA S.A.S. a \u00e0 c\u0153ur de respecter son engagement de prot\u00e9ger la s\u00e9curit\u00e9 de vos donn\u00e9es. Nous utilisons les syst\u00e8mes les plus avanc\u00e9s et les mettons constamment \u00e0 jour afin d&#8217;\u00e9viter tout acc\u00e8s non autoris\u00e9.<\/p>\n<p>\u00a0<\/p>\n<p><strong>Cookies<\/strong><\/p>\n<p>Un cookie est un fichier envoy\u00e9 dans le but de demander l&#8217;autorisation d&#8217;\u00eatre stock\u00e9 sur votre ordinateur. Lorsque vous acceptez, ce fichier est cr\u00e9\u00e9 et le cookie est ensuite utilis\u00e9 pour obtenir des informations sur le trafic web et faciliter les visites futures sur un site web r\u00e9current. Une autre fonction des cookies est qu&#8217;ils permettent aux sites web de vous reconna\u00eetre individuellement et donc de vous fournir un meilleur service personnalis\u00e9 sur leur page.<\/p>\n<p>Notre site web utilise des cookies afin d\u2019identifier les pages visit\u00e9es et la fr\u00e9quence de ces visites. Ces informations ne sont utilis\u00e9es qu&#8217;\u00e0 des fins d&#8217;analyse statistique et sont ensuite d\u00e9finitivement supprim\u00e9es. Vous pouvez supprimer les cookies \u00e0 tout moment de votre ordinateur. Cependant, les cookies aident les sites web \u00e0 fournir un meilleur service, sans donner acc\u00e8s \u00e0 des informations de votre ordinateur ou vous concernant, \u00e0 moins que vous ne choisissiez de les fournir directement. Vous pouvez accepter ou refuser l&#8217;utilisation des cookies, mais la plupart des navigateurs acceptent automatiquement les cookies afin de fournir un meilleur service web. Vous pouvez \u00e9galement modifier les param\u00e8tres de votre ordinateur afin de refuser les cookies. Si vous refusez les cookies, il se peut que vous ne puissiez pas utiliser certains de nos services.<\/p>\n<p><strong>Liens vers des tiers<\/strong><\/p>\n<p>Ce site web peut contenir des liens vers d&#8217;autres sites web susceptibles de vous int\u00e9resser. Une fois que vous avez cliqu\u00e9 sur ces liens et avez quitt\u00e9 notre page, nous n&#8217;avons plus aucun contr\u00f4le sur le site vers lequel vous avez \u00e9t\u00e9 redirig\u00e9 et nous ne sommes donc pas responsables des conditions de confidentialit\u00e9 ou de protection des donn\u00e9es par ces autres sites tiers. Ces sites sont soumis \u00e0 leurs propres politiques de confidentialit\u00e9 et vous devez les consulter afin de vous assurer qu&#8217;elles vous conviennent.<\/p>\n<p>\u00a0<\/p>\n<p>\u00a0<\/p>\n<p><strong>Contr\u00f4le de vos donn\u00e9es personnelles<\/strong><\/p>\n<p>Vous pouvez \u00e0 tout moment restreindre la collecte ou l&#8217;utilisation des donn\u00e9es personnelles que vous fournissez sur notre site web. Chaque fois qu&#8217;il vous est demand\u00e9 de remplir un formulaire, tel qu&#8217;un formulaire d&#8217;inscription, vous pouvez cocher ou d\u00e9cocher l&#8217;option permettant de recevoir des informations par e-mail. Si vous avez coch\u00e9 l&#8217;option de recevoir notre bulletin d&#8217;information ou de la publicit\u00e9, vous pouvez vous d\u00e9sinscrire \u00e0 tout moment.<\/p>\n<p>LINGUA VIVA S.A.S. ne vendra pas, ne transf\u00e9rera pas et ne distribuera pas les donn\u00e9es personnelles collect\u00e9es sans votre consentement, \u00e0 moins qu&#8217;un juge ne l&#8217;exige en vertu d&#8217;une d\u00e9cision de justice. LINGUA VIVA S.A.S. se r\u00e9serve le droit de modifier les termes de cette Politique de Confidentialit\u00e9 \u00e0 tout moment.<\/p>\n<!-- \/wp:paragraph -->\t\t\t\t\t\t<\/div>\n\t\t\t\t<\/div>\n\t\t\t\t<div class=\"elementor-element elementor-element-9987ac0 elementor-widget elementor-widget-button\" data-id=\"9987ac0\" data-element_type=\"widget\" data-widget_type=\"button.default\">\n\t\t\t\t<div class=\"elementor-widget-container\">\n\t\t\t\t\t<div class=\"elementor-button-wrapper\">\n\t\t\t<a class=\"elementor-button elementor-button-link elementor-size-sm elementor-animation-grow\" href=\"https:\/\/www.linguaviva.co\/fr\">\n\t\t\t\t\t\t<span class=\"elementor-button-content-wrapper\">\n\t\t\t\t\t\t\t\t\t<span class=\"elementor-button-text\">Retour<\/span>\n\t\t\t\t\t<\/span>\n\t\t\t\t\t<\/a>\n\t\t<\/div>\n\t\t\t\t<\/div>\n\t\t\t\t<\/div>\n\t\t\t\t\t<\/div>\n\t\t\t\t<\/div>\n\t\t\t\t\t<\/div>\n\t\t\t\t<\/div>\n\t\t\t\t<\/div>\n\t\t","protected":false},"excerpt":{"rendered":"<p>POLITIQUE DE CONFIDENTIALIT\u00c9 La pr\u00e9sente politique de confidentialit\u00e9 d\u00e9finit les conditions dans lesquelles LINGUA VIVA S.A.S. utilise et prot\u00e8ge les informations que les utilisateurs lui fournissent lorsqu\u2019ils consultent et utilisent ce site web. LINGUA VIVA S.A.S. s&#8217;engage \u00e0 assurer la s\u00e9curit\u00e9 des donn\u00e9es de ses utilisateurs. Lorsque nous vous demandons de fournir des donn\u00e9es personnelles [&hellip;]<\/p>\n","protected":false},"author":1,"featured_media":0,"parent":0,"menu_order":0,"comment_status":"closed","ping_status":"closed","template":"","meta":{"footnotes":""},"class_list":["post-425","page","type-page","status-publish","hentry"],"_links":{"self":[{"href":"https:\/\/www.linguaviva.co\/fr\/wp-json\/wp\/v2\/pages\/425","targetHints":{"allow":["GET"]}}],"collection":[{"href":"https:\/\/www.linguaviva.co\/fr\/wp-json\/wp\/v2\/pages"}],"about":[{"href":"https:\/\/www.linguaviva.co\/fr\/wp-json\/wp\/v2\/types\/page"}],"author":[{"embeddable":true,"href":"https:\/\/www.linguaviva.co\/fr\/wp-json\/wp\/v2\/users\/1"}],"replies":[{"embeddable":true,"href":"https:\/\/www.linguaviva.co\/fr\/wp-json\/wp\/v2\/comments?post=425"}],"version-history":[{"count":17,"href":"https:\/\/www.linguaviva.co\/fr\/wp-json\/wp\/v2\/pages\/425\/revisions"}],"predecessor-version":[{"id":1536,"href":"https:\/\/www.linguaviva.co\/fr\/wp-json\/wp\/v2\/pages\/425\/revisions\/1536"}],"wp:attachment":[{"href":"https:\/\/www.linguaviva.co\/fr\/wp-json\/wp\/v2\/media?parent=425"}],"curies":[{"name":"wp","href":"https:\/\/api.w.org\/{rel}","templated":true}]}}